{"id":150,"date":"2019-10-10T14:49:01","date_gmt":"2019-10-10T12:49:01","guid":{"rendered":"http:\/\/www.veroniquewardega.fr\/?page_id=150"},"modified":"2020-02-25T17:03:39","modified_gmt":"2020-02-25T16:03:39","slug":"mille-grues-origami","status":"publish","type":"page","link":"https:\/\/www.veroniquewardega.fr\/en\/mille-grues-origami\/","title":{"rendered":"1000 cranes"},"content":{"rendered":"<div data-elementor-type=\"wp-page\" data-elementor-id=\"150\" class=\"elementor elementor-150\">\n\t\t\t\t\t\t<section class=\"elementor-section elementor-top-section elementor-element elementor-element-d001ec8 elementor-section-boxed elementor-section-height-default elementor-section-height-default\" data-id=\"d001ec8\" data-element_type=\"section\" data-e-type=\"section\">\n\t\t\t\t\t\t<div class=\"elementor-container elementor-column-gap-default\">\n\t\t\t\t\t<div class=\"elementor-column elementor-col-100 elementor-top-column elementor-element elementor-element-4dfa478\" data-id=\"4dfa478\" data-element_type=\"column\" data-e-type=\"column\">\n\t\t\t<div class=\"elementor-widget-wrap elementor-element-populated\">\n\t\t\t\t\t\t<div class=\"elementor-element elementor-element-7174dfd elementor-widget elementor-widget-heading\" data-id=\"7174dfd\" data-element_type=\"widget\" data-e-type=\"widget\" data-widget_type=\"heading.default\">\n\t\t\t\t<div class=\"elementor-widget-container\">\n\t\t\t\t\t<h2 class=\"elementor-heading-title elementor-size-default\">Mille grues origami (Senbazuru)<\/h2>\t\t\t\t<\/div>\n\t\t\t\t<\/div>\n\t\t\t\t\t<\/div>\n\t\t<\/div>\n\t\t\t\t\t<\/div>\n\t\t<\/section>\n\t\t\t\t<section class=\"elementor-section elementor-top-section elementor-element elementor-element-1cac010 elementor-section-boxed elementor-section-height-default elementor-section-height-default\" data-id=\"1cac010\" data-element_type=\"section\" data-e-type=\"section\">\n\t\t\t\t\t\t<div class=\"elementor-container elementor-column-gap-default\">\n\t\t\t\t\t<div class=\"elementor-column elementor-col-50 elementor-top-column elementor-element elementor-element-d3fed5e\" data-id=\"d3fed5e\" data-element_type=\"column\" data-e-type=\"column\">\n\t\t\t<div class=\"elementor-widget-wrap elementor-element-populated\">\n\t\t\t\t\t\t<div class=\"elementor-element elementor-element-98f498b elementor-position-top elementor-widget elementor-widget-image-box\" data-id=\"98f498b\" data-element_type=\"widget\" data-e-type=\"widget\" data-widget_type=\"image-box.default\">\n\t\t\t\t<div class=\"elementor-widget-container\">\n\t\t\t\t\t<div class=\"elementor-image-box-wrapper\"><figure class=\"elementor-image-box-img\"><a href=\"https:\/\/www.veroniquewardega.fr\/en\/attrape-reve-origami-mille-grues-oeuvre-papier-plie-dinspiration-japonaise-origamiste-veronique-wardega\/\" tabindex=\"-1\"><img decoding=\"async\" src=\"https:\/\/www.veroniquewardega.fr\/wp-content\/uploads\/2019\/10\/RevOriSenbTurquoise2-scaled.jpg\" title=\"RevOriSenbTurquoise2\" alt=\"R\u00eav-Ori - ensemble\" loading=\"lazy\" \/><\/a><\/figure><div class=\"elementor-image-box-content\"><h3 class=\"elementor-image-box-title\"><a href=\"https:\/\/www.veroniquewardega.fr\/en\/attrape-reve-origami-mille-grues-oeuvre-papier-plie-dinspiration-japonaise-origamiste-veronique-wardega\/\">dream catcher<\/a><\/h3><p class=\"elementor-image-box-description\">Messages de paix, ces installations sont inspir\u00e9es par les l\u00e9gendes des Indiens d'Am\u00e9rique et la symbolique des origamis japonais. <\/p><\/div><\/div>\t\t\t\t<\/div>\n\t\t\t\t<\/div>\n\t\t\t\t<div class=\"elementor-element elementor-element-d71396d elementor-align-center elementor-widget elementor-widget-button\" data-id=\"d71396d\" data-element_type=\"widget\" data-e-type=\"widget\" data-widget_type=\"button.default\">\n\t\t\t\t<div class=\"elementor-widget-container\">\n\t\t\t\t\t\t\t\t\t<div class=\"elementor-button-wrapper\">\n\t\t\t\t\t<a class=\"elementor-button elementor-button-link elementor-size-md\" href=\"https:\/\/www.veroniquewardega.fr\/en\/attrape-reve-origami-mille-grues-oeuvre-papier-plie-dinspiration-japonaise-origamiste-veronique-wardega\/\">\n\t\t\t\t\t\t<span class=\"elementor-button-content-wrapper\">\n\t\t\t\t\t\t<span class=\"elementor-button-icon\">\n\t\t\t\t\t\t\t\t\t<i class=\"\" aria-hidden=\"true\"><\/i>\n\t\t\t\t\t\t\t<\/span>\n\t\t\t\t\t\t\t\t\t<span class=\"elementor-button-text\">dream catcher<\/span>\n\t\t\t\t\t<\/span>\n\t\t\t\t\t<\/a>\n\t\t\t\t<\/div>\n\t\t\t\t\t\t\t\t<\/div>\n\t\t\t\t<\/div>\n\t\t\t\t\t<\/div>\n\t\t<\/div>\n\t\t\t\t<div class=\"elementor-column elementor-col-50 elementor-top-column elementor-element elementor-element-651958d\" data-id=\"651958d\" data-element_type=\"column\" data-e-type=\"column\">\n\t\t\t<div class=\"elementor-widget-wrap elementor-element-populated\">\n\t\t\t\t\t\t<div class=\"elementor-element elementor-element-d4ff7ba elementor-position-top elementor-widget elementor-widget-image-box\" data-id=\"d4ff7ba\" data-element_type=\"widget\" data-e-type=\"widget\" data-widget_type=\"image-box.default\">\n\t\t\t\t<div class=\"elementor-widget-container\">\n\t\t\t\t\t<div class=\"elementor-image-box-wrapper\"><figure class=\"elementor-image-box-img\"><a href=\"https:\/\/www.veroniquewardega.fr\/en\/memoire-d-hiroshima\/\" tabindex=\"-1\"><img decoding=\"async\" src=\"https:\/\/www.veroniquewardega.fr\/wp-content\/uploads\/2019\/10\/1arbre.jpg\" title=\"Arbre de Vie\" alt=\"Arbre de vie - Senbazuru\" loading=\"lazy\" \/><\/a><\/figure><div class=\"elementor-image-box-content\"><h3 class=\"elementor-image-box-title\"><a href=\"https:\/\/www.veroniquewardega.fr\/en\/memoire-d-hiroshima\/\">En m\u00e9moire d'Hiroshima<\/a><\/h3><p class=\"elementor-image-box-description\">Hommage aux victimes et message d'espoir, ces cr\u00e9ations rappellent la force et la fragilit\u00e9 de la Vie. <\/p><\/div><\/div>\t\t\t\t<\/div>\n\t\t\t\t<\/div>\n\t\t\t\t<div class=\"elementor-element elementor-element-10d8342 elementor-align-center elementor-button-success elementor-widget elementor-widget-button\" data-id=\"10d8342\" data-element_type=\"widget\" data-e-type=\"widget\" data-widget_type=\"button.default\">\n\t\t\t\t<div class=\"elementor-widget-container\">\n\t\t\t\t\t\t\t\t\t<div class=\"elementor-button-wrapper\">\n\t\t\t\t\t<a class=\"elementor-button elementor-button-link elementor-size-md\" href=\"https:\/\/www.veroniquewardega.fr\/en\/memoire-d-hiroshima\/\">\n\t\t\t\t\t\t<span class=\"elementor-button-content-wrapper\">\n\t\t\t\t\t\t<span class=\"elementor-button-icon\">\n\t\t\t\t\t\t\t\t\t<i class=\"\" aria-hidden=\"true\"><\/i>\n\t\t\t\t\t\t\t<\/span>\n\t\t\t\t\t\t\t\t\t<span class=\"elementor-button-text\">M\u00e9moire<\/span>\n\t\t\t\t\t<\/span>\n\t\t\t\t\t<\/a>\n\t\t\t\t<\/div>\n\t\t\t\t\t\t\t\t<\/div>\n\t\t\t\t<\/div>\n\t\t\t\t\t<\/div>\n\t\t<\/div>\n\t\t\t\t\t<\/div>\n\t\t<\/section>\n\t\t\t\t<\/div>","protected":false},"excerpt":{"rendered":"<p>Mille grues origami (Senbazuru) Attrape-r\u00eaves Messages de paix, ces installations sont inspir\u00e9es par les l\u00e9gendes des Indiens d&rsquo;Am\u00e9rique et la symbolique des origamis japonais. Attrape-r\u00eaves En m\u00e9moire d&rsquo;Hiroshima Hommage aux victimes et message d&rsquo;espoir, ces cr\u00e9ations rappellent la force et la fragilit\u00e9 de la Vie. M\u00e9moire<\/p>","protected":false},"author":1,"featured_media":0,"parent":0,"menu_order":0,"comment_status":"closed","ping_status":"closed","template":"","meta":{"_eb_attr":"","footnotes":""},"class_list":["post-150","page","type-page","status-publish","hentry"],"yoast_head":"<!-- This site is optimized with the Yoast SEO plugin v27.5 - https:\/\/yoast.com\/product\/yoast-seo-wordpress\/ -->\n<title>Mille grues - V\u00e9ronique WARDEGA<\/title>\n<meta name=\"robots\" content=\"index, follow, max-snippet:-1, max-image-preview:large, max-video-preview:-1\" \/>\n<link rel=\"canonical\" href=\"https:\/\/www.veroniquewardega.fr\/en\/mille-grues-origami\/\" \/>\n<meta property=\"og:locale\" content=\"en_GB\" \/>\n<meta property=\"og:type\" content=\"article\" \/>\n<meta property=\"og:title\" content=\"Mille grues - V\u00e9ronique WARDEGA\" \/>\n<meta property=\"og:description\" content=\"Mille grues origami (Senbazuru) Attrape-r\u00eaves Messages de paix, ces installations sont inspir\u00e9es par les l\u00e9gendes des Indiens d&rsquo;Am\u00e9rique et la symbolique des origamis japonais. Attrape-r\u00eaves En m\u00e9moire d&rsquo;Hiroshima Hommage aux victimes et message d&rsquo;espoir, ces cr\u00e9ations rappellent la force et la fragilit\u00e9 de la Vie. M\u00e9moire\" \/>\n<meta property=\"og:url\" content=\"https:\/\/www.veroniquewardega.fr\/en\/mille-grues-origami\/\" \/>\n<meta property=\"og:site_name\" content=\"V\u00e9ronique WARDEGA\" \/>\n<meta property=\"article:modified_time\" content=\"2020-02-25T16:03:39+00:00\" \/>\n<meta property=\"og:image\" content=\"https:\/\/www.veroniquewardega.fr\/wp-content\/uploads\/elementor\/thumbs\/RevOriSenbTurquoise2-scaled-ol9bg3xcg7hkzzlu0i720sb53u80loci3oyrdr5vp4.jpg\" \/>\n<meta name=\"twitter:card\" content=\"summary_large_image\" \/>\n<script type=\"application\/ld+json\" class=\"yoast-schema-graph\">{\"@context\":\"https:\\\/\\\/schema.org\",\"@graph\":[{\"@type\":\"WebPage\",\"@id\":\"https:\\\/\\\/www.veroniquewardega.fr\\\/en\\\/mille-grues-origami\\\/\",\"url\":\"https:\\\/\\\/www.veroniquewardega.fr\\\/en\\\/mille-grues-origami\\\/\",\"name\":\"Mille grues - V\u00e9ronique WARDEGA\",\"isPartOf\":{\"@id\":\"https:\\\/\\\/www.veroniquewardega.fr\\\/#website\"},\"primaryImageOfPage\":{\"@id\":\"https:\\\/\\\/www.veroniquewardega.fr\\\/en\\\/mille-grues-origami\\\/#primaryimage\"},\"image\":{\"@id\":\"https:\\\/\\\/www.veroniquewardega.fr\\\/en\\\/mille-grues-origami\\\/#primaryimage\"},\"thumbnailUrl\":\"https:\\\/\\\/www.veroniquewardega.fr\\\/wp-content\\\/uploads\\\/elementor\\\/thumbs\\\/RevOriSenbTurquoise2-scaled-ol9bg3xcg7hkzzlu0i720sb53u80loci3oyrdr5vp4.jpg\",\"datePublished\":\"2019-10-10T12:49:01+00:00\",\"dateModified\":\"2020-02-25T16:03:39+00:00\",\"breadcrumb\":{\"@id\":\"https:\\\/\\\/www.veroniquewardega.fr\\\/en\\\/mille-grues-origami\\\/#breadcrumb\"},\"inLanguage\":\"en-GB\",\"potentialAction\":[{\"@type\":\"ReadAction\",\"target\":[\"https:\\\/\\\/www.veroniquewardega.fr\\\/en\\\/mille-grues-origami\\\/\"]}]},{\"@type\":\"ImageObject\",\"inLanguage\":\"en-GB\",\"@id\":\"https:\\\/\\\/www.veroniquewardega.fr\\\/en\\\/mille-grues-origami\\\/#primaryimage\",\"url\":\"https:\\\/\\\/www.veroniquewardega.fr\\\/wp-content\\\/uploads\\\/elementor\\\/thumbs\\\/RevOriSenbTurquoise2-scaled-ol9bg3xcg7hkzzlu0i720sb53u80loci3oyrdr5vp4.jpg\",\"contentUrl\":\"https:\\\/\\\/www.veroniquewardega.fr\\\/wp-content\\\/uploads\\\/elementor\\\/thumbs\\\/RevOriSenbTurquoise2-scaled-ol9bg3xcg7hkzzlu0i720sb53u80loci3oyrdr5vp4.jpg\"},{\"@type\":\"BreadcrumbList\",\"@id\":\"https:\\\/\\\/www.veroniquewardega.fr\\\/en\\\/mille-grues-origami\\\/#breadcrumb\",\"itemListElement\":[{\"@type\":\"ListItem\",\"position\":1,\"name\":\"Accueil\",\"item\":\"https:\\\/\\\/www.veroniquewardega.fr\\\/\"},{\"@type\":\"ListItem\",\"position\":2,\"name\":\"Mille grues\"}]},{\"@type\":\"WebSite\",\"@id\":\"https:\\\/\\\/www.veroniquewardega.fr\\\/#website\",\"url\":\"https:\\\/\\\/www.veroniquewardega.fr\\\/\",\"name\":\"V\u00e9ronique WARDEGA\",\"description\":\"Origami miniature\",\"potentialAction\":[{\"@type\":\"SearchAction\",\"target\":{\"@type\":\"EntryPoint\",\"urlTemplate\":\"https:\\\/\\\/www.veroniquewardega.fr\\\/?s={search_term_string}\"},\"query-input\":{\"@type\":\"PropertyValueSpecification\",\"valueRequired\":true,\"valueName\":\"search_term_string\"}}],\"inLanguage\":\"en-GB\"}]}<\/script>\n<!-- \/ Yoast SEO plugin. -->","yoast_head_json":{"title":"Mille grues - V\u00e9ronique WARDEGA","robots":{"index":"index","follow":"follow","max-snippet":"max-snippet:-1","max-image-preview":"max-image-preview:large","max-video-preview":"max-video-preview:-1"},"canonical":"https:\/\/www.veroniquewardega.fr\/en\/mille-grues-origami\/","og_locale":"en_GB","og_type":"article","og_title":"Mille grues - V\u00e9ronique WARDEGA","og_description":"Mille grues origami (Senbazuru) Attrape-r\u00eaves Messages de paix, ces installations sont inspir\u00e9es par les l\u00e9gendes des Indiens d&rsquo;Am\u00e9rique et la symbolique des origamis japonais. Attrape-r\u00eaves En m\u00e9moire d&rsquo;Hiroshima Hommage aux victimes et message d&rsquo;espoir, ces cr\u00e9ations rappellent la force et la fragilit\u00e9 de la Vie. M\u00e9moire","og_url":"https:\/\/www.veroniquewardega.fr\/en\/mille-grues-origami\/","og_site_name":"V\u00e9ronique WARDEGA","article_modified_time":"2020-02-25T16:03:39+00:00","og_image":[{"url":"https:\/\/www.veroniquewardega.fr\/wp-content\/uploads\/elementor\/thumbs\/RevOriSenbTurquoise2-scaled-ol9bg3xcg7hkzzlu0i720sb53u80loci3oyrdr5vp4.jpg","type":"","width":"","height":""}],"twitter_card":"summary_large_image","schema":{"@context":"https:\/\/schema.org","@graph":[{"@type":"WebPage","@id":"https:\/\/www.veroniquewardega.fr\/en\/mille-grues-origami\/","url":"https:\/\/www.veroniquewardega.fr\/en\/mille-grues-origami\/","name":"Mille grues - V\u00e9ronique WARDEGA","isPartOf":{"@id":"https:\/\/www.veroniquewardega.fr\/#website"},"primaryImageOfPage":{"@id":"https:\/\/www.veroniquewardega.fr\/en\/mille-grues-origami\/#primaryimage"},"image":{"@id":"https:\/\/www.veroniquewardega.fr\/en\/mille-grues-origami\/#primaryimage"},"thumbnailUrl":"https:\/\/www.veroniquewardega.fr\/wp-content\/uploads\/elementor\/thumbs\/RevOriSenbTurquoise2-scaled-ol9bg3xcg7hkzzlu0i720sb53u80loci3oyrdr5vp4.jpg","datePublished":"2019-10-10T12:49:01+00:00","dateModified":"2020-02-25T16:03:39+00:00","breadcrumb":{"@id":"https:\/\/www.veroniquewardega.fr\/en\/mille-grues-origami\/#breadcrumb"},"inLanguage":"en-GB","potentialAction":[{"@type":"ReadAction","target":["https:\/\/www.veroniquewardega.fr\/en\/mille-grues-origami\/"]}]},{"@type":"ImageObject","inLanguage":"en-GB","@id":"https:\/\/www.veroniquewardega.fr\/en\/mille-grues-origami\/#primaryimage","url":"https:\/\/www.veroniquewardega.fr\/wp-content\/uploads\/elementor\/thumbs\/RevOriSenbTurquoise2-scaled-ol9bg3xcg7hkzzlu0i720sb53u80loci3oyrdr5vp4.jpg","contentUrl":"https:\/\/www.veroniquewardega.fr\/wp-content\/uploads\/elementor\/thumbs\/RevOriSenbTurquoise2-scaled-ol9bg3xcg7hkzzlu0i720sb53u80loci3oyrdr5vp4.jpg"},{"@type":"BreadcrumbList","@id":"https:\/\/www.veroniquewardega.fr\/en\/mille-grues-origami\/#breadcrumb","itemListElement":[{"@type":"ListItem","position":1,"name":"Accueil","item":"https:\/\/www.veroniquewardega.fr\/"},{"@type":"ListItem","position":2,"name":"Mille grues"}]},{"@type":"WebSite","@id":"https:\/\/www.veroniquewardega.fr\/#website","url":"https:\/\/www.veroniquewardega.fr\/","name":"V\u00e9ronique WARDEGA","description":"Miniature Origami","potentialAction":[{"@type":"SearchAction","target":{"@type":"EntryPoint","urlTemplate":"https:\/\/www.veroniquewardega.fr\/?s={search_term_string}"},"query-input":{"@type":"PropertyValueSpecification","valueRequired":true,"valueName":"search_term_string"}}],"inLanguage":"en-GB"}]}},"_links":{"self":[{"href":"https:\/\/www.veroniquewardega.fr\/en\/wp-json\/wp\/v2\/pages\/150","targetHints":{"allow":["GET"]}}],"collection":[{"href":"https:\/\/www.veroniquewardega.fr\/en\/wp-json\/wp\/v2\/pages"}],"about":[{"href":"https:\/\/www.veroniquewardega.fr\/en\/wp-json\/wp\/v2\/types\/page"}],"author":[{"embeddable":true,"href":"https:\/\/www.veroniquewardega.fr\/en\/wp-json\/wp\/v2\/users\/1"}],"replies":[{"embeddable":true,"href":"https:\/\/www.veroniquewardega.fr\/en\/wp-json\/wp\/v2\/comments?post=150"}],"version-history":[{"count":35,"href":"https:\/\/www.veroniquewardega.fr\/en\/wp-json\/wp\/v2\/pages\/150\/revisions"}],"predecessor-version":[{"id":770,"href":"https:\/\/www.veroniquewardega.fr\/en\/wp-json\/wp\/v2\/pages\/150\/revisions\/770"}],"wp:attachment":[{"href":"https:\/\/www.veroniquewardega.fr\/en\/wp-json\/wp\/v2\/media?parent=150"}],"curies":[{"name":"wp","href":"https:\/\/api.w.org\/{rel}","templated":true}]}}