{"id":2,"date":"2019-10-09T12:54:18","date_gmt":"2019-10-09T10:54:18","guid":{"rendered":"http:\/\/www.veroniquewardega.fr\/?page_id=2"},"modified":"2026-03-21T19:10:38","modified_gmt":"2026-03-21T18:10:38","slug":"accueil","status":"publish","type":"page","link":"https:\/\/www.veroniquewardega.fr\/en\/","title":{"rendered":"Accueil"},"content":{"rendered":"<div data-elementor-type=\"wp-page\" data-elementor-id=\"2\" class=\"elementor elementor-2\">\n\t\t\t\t\t\t<section class=\"elementor-section elementor-top-section elementor-element elementor-element-94cbc7c elementor-section-boxed elementor-section-height-default elementor-section-height-default\" data-id=\"94cbc7c\" data-element_type=\"section\" data-e-type=\"section\">\n\t\t\t\t\t\t<div class=\"elementor-container elementor-column-gap-default\">\n\t\t\t\t\t<div class=\"elementor-column elementor-col-100 elementor-top-column elementor-element elementor-element-81cd43e\" data-id=\"81cd43e\" data-element_type=\"column\" data-e-type=\"column\">\n\t\t\t<div class=\"elementor-widget-wrap elementor-element-populated\">\n\t\t\t\t\t\t<div class=\"elementor-element elementor-element-c4cce1a elementor-widget elementor-widget-heading\" data-id=\"c4cce1a\" data-element_type=\"widget\" data-e-type=\"widget\" data-widget_type=\"heading.default\">\n\t\t\t\t<div class=\"elementor-widget-container\">\n\t\t\t\t\t<h2 class=\"elementor-heading-title elementor-size-default\">Bienvenue !<\/h2>\t\t\t\t<\/div>\n\t\t\t\t<\/div>\n\t\t\t\t\t<\/div>\n\t\t<\/div>\n\t\t\t\t\t<\/div>\n\t\t<\/section>\n\t\t\t\t<section class=\"elementor-section elementor-top-section elementor-element elementor-element-5cc2c2e elementor-section-boxed elementor-section-height-default elementor-section-height-default\" data-id=\"5cc2c2e\" data-element_type=\"section\" data-e-type=\"section\">\n\t\t\t\t\t\t<div class=\"elementor-container elementor-column-gap-default\">\n\t\t\t\t\t<div class=\"elementor-column elementor-col-100 elementor-top-column elementor-element elementor-element-0cdc9c1\" data-id=\"0cdc9c1\" data-element_type=\"column\" data-e-type=\"column\">\n\t\t\t<div class=\"elementor-widget-wrap\">\n\t\t\t\t\t\t\t<\/div>\n\t\t<\/div>\n\t\t\t\t\t<\/div>\n\t\t<\/section>\n\t\t\t\t<\/div>","protected":false},"excerpt":{"rendered":"<p>Bienvenue !<\/p>","protected":false},"author":1,"featured_media":0,"parent":0,"menu_order":0,"comment_status":"closed","ping_status":"open","template":"","meta":{"_eb_attr":"","footnotes":""},"class_list":["post-2","page","type-page","status-publish","hentry"],"yoast_head":"<!-- This site is optimized with the Yoast SEO plugin v27.5 - https:\/\/yoast.com\/product\/yoast-seo-wordpress\/ -->\n<title>Accueil - V\u00e9ronique WARDEGA<\/title>\n<meta name=\"description\" content=\"Origami miniature par V\u00e9ronique Wardega : installations, mobiles, expositions d&#039;art contemporain en lien avec le sacr\u00e9.\" \/>\n<meta name=\"robots\" content=\"index, follow, max-snippet:-1, max-image-preview:large, max-video-preview:-1\" \/>\n<link rel=\"canonical\" href=\"https:\/\/www.veroniquewardega.fr\/en\/\" \/>\n<meta property=\"og:locale\" content=\"en_GB\" \/>\n<meta property=\"og:type\" content=\"article\" \/>\n<meta property=\"og:title\" content=\"Accueil - V\u00e9ronique WARDEGA\" \/>\n<meta property=\"og:description\" content=\"Origami miniature par V\u00e9ronique Wardega : installations, mobiles, expositions d&#039;art contemporain en lien avec le sacr\u00e9.\" \/>\n<meta property=\"og:url\" content=\"https:\/\/www.veroniquewardega.fr\/en\/\" \/>\n<meta property=\"og:site_name\" content=\"V\u00e9ronique WARDEGA\" \/>\n<meta property=\"article:modified_time\" content=\"2026-03-21T18:10:38+00:00\" \/>\n<meta name=\"twitter:card\" content=\"summary_large_image\" \/>\n<meta name=\"twitter:label1\" content=\"Estimated reading time\" \/>\n\t<meta name=\"twitter:data1\" content=\"1 minute\" \/>\n<script type=\"application\/ld+json\" class=\"yoast-schema-graph\">{\"@context\":\"https:\\\/\\\/schema.org\",\"@graph\":[{\"@type\":\"WebPage\",\"@id\":\"https:\\\/\\\/www.veroniquewardega.fr\\\/\",\"url\":\"https:\\\/\\\/www.veroniquewardega.fr\\\/\",\"name\":\"Accueil - V\u00e9ronique WARDEGA\",\"isPartOf\":{\"@id\":\"https:\\\/\\\/www.veroniquewardega.fr\\\/#website\"},\"datePublished\":\"2019-10-09T10:54:18+00:00\",\"dateModified\":\"2026-03-21T18:10:38+00:00\",\"description\":\"Origami miniature par V\u00e9ronique Wardega : installations, mobiles, expositions d'art contemporain en lien avec le sacr\u00e9.\",\"breadcrumb\":{\"@id\":\"https:\\\/\\\/www.veroniquewardega.fr\\\/#breadcrumb\"},\"inLanguage\":\"en-GB\",\"potentialAction\":[{\"@type\":\"ReadAction\",\"target\":[\"https:\\\/\\\/www.veroniquewardega.fr\\\/\"]}]},{\"@type\":\"BreadcrumbList\",\"@id\":\"https:\\\/\\\/www.veroniquewardega.fr\\\/#breadcrumb\",\"itemListElement\":[{\"@type\":\"ListItem\",\"position\":1,\"name\":\"Accueil\",\"item\":\"https:\\\/\\\/www.veroniquewardega.fr\\\/\"},{\"@type\":\"ListItem\",\"position\":2,\"name\":\"Accueil\"}]},{\"@type\":\"WebSite\",\"@id\":\"https:\\\/\\\/www.veroniquewardega.fr\\\/#website\",\"url\":\"https:\\\/\\\/www.veroniquewardega.fr\\\/\",\"name\":\"V\u00e9ronique WARDEGA\",\"description\":\"Origami miniature\",\"potentialAction\":[{\"@type\":\"SearchAction\",\"target\":{\"@type\":\"EntryPoint\",\"urlTemplate\":\"https:\\\/\\\/www.veroniquewardega.fr\\\/?s={search_term_string}\"},\"query-input\":{\"@type\":\"PropertyValueSpecification\",\"valueRequired\":true,\"valueName\":\"search_term_string\"}}],\"inLanguage\":\"en-GB\"}]}<\/script>\n<!-- \/ Yoast SEO plugin. -->","yoast_head_json":{"title":"Accueil - V\u00e9ronique WARDEGA","description":"Origami miniature par V\u00e9ronique Wardega : installations, mobiles, expositions d'art contemporain en lien avec le sacr\u00e9.","robots":{"index":"index","follow":"follow","max-snippet":"max-snippet:-1","max-image-preview":"max-image-preview:large","max-video-preview":"max-video-preview:-1"},"canonical":"https:\/\/www.veroniquewardega.fr\/en\/","og_locale":"en_GB","og_type":"article","og_title":"Accueil - V\u00e9ronique WARDEGA","og_description":"Origami miniature par V\u00e9ronique Wardega : installations, mobiles, expositions d'art contemporain en lien avec le sacr\u00e9.","og_url":"https:\/\/www.veroniquewardega.fr\/en\/","og_site_name":"V\u00e9ronique WARDEGA","article_modified_time":"2026-03-21T18:10:38+00:00","twitter_card":"summary_large_image","twitter_misc":{"Estimated reading time":"1 minute"},"schema":{"@context":"https:\/\/schema.org","@graph":[{"@type":"WebPage","@id":"https:\/\/www.veroniquewardega.fr\/","url":"https:\/\/www.veroniquewardega.fr\/","name":"Accueil - V\u00e9ronique WARDEGA","isPartOf":{"@id":"https:\/\/www.veroniquewardega.fr\/#website"},"datePublished":"2019-10-09T10:54:18+00:00","dateModified":"2026-03-21T18:10:38+00:00","description":"Origami miniature par V\u00e9ronique Wardega : installations, mobiles, expositions d'art contemporain en lien avec le sacr\u00e9.","breadcrumb":{"@id":"https:\/\/www.veroniquewardega.fr\/#breadcrumb"},"inLanguage":"en-GB","potentialAction":[{"@type":"ReadAction","target":["https:\/\/www.veroniquewardega.fr\/"]}]},{"@type":"BreadcrumbList","@id":"https:\/\/www.veroniquewardega.fr\/#breadcrumb","itemListElement":[{"@type":"ListItem","position":1,"name":"Accueil","item":"https:\/\/www.veroniquewardega.fr\/"},{"@type":"ListItem","position":2,"name":"Accueil"}]},{"@type":"WebSite","@id":"https:\/\/www.veroniquewardega.fr\/#website","url":"https:\/\/www.veroniquewardega.fr\/","name":"V\u00e9ronique WARDEGA","description":"Miniature Origami","potentialAction":[{"@type":"SearchAction","target":{"@type":"EntryPoint","urlTemplate":"https:\/\/www.veroniquewardega.fr\/?s={search_term_string}"},"query-input":{"@type":"PropertyValueSpecification","valueRequired":true,"valueName":"search_term_string"}}],"inLanguage":"en-GB"}]}},"_links":{"self":[{"href":"https:\/\/www.veroniquewardega.fr\/en\/wp-json\/wp\/v2\/pages\/2","targetHints":{"allow":["GET"]}}],"collection":[{"href":"https:\/\/www.veroniquewardega.fr\/en\/wp-json\/wp\/v2\/pages"}],"about":[{"href":"https:\/\/www.veroniquewardega.fr\/en\/wp-json\/wp\/v2\/types\/page"}],"author":[{"embeddable":true,"href":"https:\/\/www.veroniquewardega.fr\/en\/wp-json\/wp\/v2\/users\/1"}],"replies":[{"embeddable":true,"href":"https:\/\/www.veroniquewardega.fr\/en\/wp-json\/wp\/v2\/comments?post=2"}],"version-history":[{"count":30,"href":"https:\/\/www.veroniquewardega.fr\/en\/wp-json\/wp\/v2\/pages\/2\/revisions"}],"predecessor-version":[{"id":1410,"href":"https:\/\/www.veroniquewardega.fr\/en\/wp-json\/wp\/v2\/pages\/2\/revisions\/1410"}],"wp:attachment":[{"href":"https:\/\/www.veroniquewardega.fr\/en\/wp-json\/wp\/v2\/media?parent=2"}],"curies":[{"name":"wp","href":"https:\/\/api.w.org\/{rel}","templated":true}]}}