{"id":391,"date":"2019-10-20T21:43:36","date_gmt":"2019-10-20T19:43:36","guid":{"rendered":"http:\/\/www.veroniquewardega.fr\/?page_id=391"},"modified":"2020-02-25T15:50:12","modified_gmt":"2020-02-25T14:50:12","slug":"installations","status":"publish","type":"page","link":"https:\/\/www.veroniquewardega.fr\/en\/installations\/","title":{"rendered":"Installation art"},"content":{"rendered":"<div data-elementor-type=\"wp-page\" data-elementor-id=\"391\" class=\"elementor elementor-391\">\n\t\t\t\t\t\t<section class=\"elementor-section elementor-top-section elementor-element elementor-element-d001ec8 elementor-section-boxed elementor-section-height-default elementor-section-height-default\" data-id=\"d001ec8\" data-element_type=\"section\" data-e-type=\"section\">\n\t\t\t\t\t\t<div class=\"elementor-container elementor-column-gap-default\">\n\t\t\t\t\t<div class=\"elementor-column elementor-col-100 elementor-top-column elementor-element elementor-element-4dfa478\" data-id=\"4dfa478\" data-element_type=\"column\" data-e-type=\"column\">\n\t\t\t<div class=\"elementor-widget-wrap elementor-element-populated\">\n\t\t\t\t\t\t<div class=\"elementor-element elementor-element-7174dfd elementor-widget elementor-widget-heading\" data-id=\"7174dfd\" data-element_type=\"widget\" data-e-type=\"widget\" data-widget_type=\"heading.default\">\n\t\t\t\t<div class=\"elementor-widget-container\">\n\t\t\t\t\t<h2 class=\"elementor-heading-title elementor-size-default\">Installation art<\/h2>\t\t\t\t<\/div>\n\t\t\t\t<\/div>\n\t\t\t\t\t<\/div>\n\t\t<\/div>\n\t\t\t\t\t<\/div>\n\t\t<\/section>\n\t\t\t\t<section class=\"elementor-section elementor-top-section elementor-element elementor-element-1cac010 elementor-section-boxed elementor-section-height-default elementor-section-height-default\" data-id=\"1cac010\" data-element_type=\"section\" data-e-type=\"section\">\n\t\t\t\t\t\t<div class=\"elementor-container elementor-column-gap-default\">\n\t\t\t\t\t<div class=\"elementor-column elementor-col-50 elementor-top-column elementor-element elementor-element-d3fed5e\" data-id=\"d3fed5e\" data-element_type=\"column\" data-e-type=\"column\">\n\t\t\t<div class=\"elementor-widget-wrap elementor-element-populated\">\n\t\t\t\t\t\t<div class=\"elementor-element elementor-element-98f498b elementor-position-top elementor-widget elementor-widget-image-box\" data-id=\"98f498b\" data-element_type=\"widget\" data-e-type=\"widget\" data-widget_type=\"image-box.default\">\n\t\t\t\t<div class=\"elementor-widget-container\">\n\t\t\t\t\t<div class=\"elementor-image-box-wrapper\"><figure class=\"elementor-image-box-img\"><a href=\"https:\/\/www.veroniquewardega.fr\/en\/danse\/\" tabindex=\"-1\"><img decoding=\"async\" src=\"https:\/\/www.veroniquewardega.fr\/wp-content\/uploads\/2019\/10\/danseuseorigamiminiatureblanche.jpg\" title=\"danseuseorigamiminiatureblanche\" alt=\"danseuseorigamiminiatureblanche\" loading=\"lazy\" \/><\/a><\/figure><div class=\"elementor-image-box-content\"><h3 class=\"elementor-image-box-title\"><a href=\"https:\/\/www.veroniquewardega.fr\/en\/danse\/\">Dance<\/a><\/h3><p class=\"elementor-image-box-description\">Ma pratique de la danse et du yoga m'inspirent des pliages, odes \u00e0 la vie et au mouvement.<\/p><\/div><\/div>\t\t\t\t<\/div>\n\t\t\t\t<\/div>\n\t\t\t\t<div class=\"elementor-element elementor-element-d71396d elementor-align-center elementor-widget elementor-widget-button\" data-id=\"d71396d\" data-element_type=\"widget\" data-e-type=\"widget\" data-widget_type=\"button.default\">\n\t\t\t\t<div class=\"elementor-widget-container\">\n\t\t\t\t\t\t\t\t\t<div class=\"elementor-button-wrapper\">\n\t\t\t\t\t<a class=\"elementor-button elementor-button-link elementor-size-md\" href=\"https:\/\/www.veroniquewardega.fr\/en\/danse\/\" id=\"danse\">\n\t\t\t\t\t\t<span class=\"elementor-button-content-wrapper\">\n\t\t\t\t\t\t<span class=\"elementor-button-icon\">\n\t\t\t\t\t\t\t\t\t<i class=\"\" aria-hidden=\"true\"><\/i>\n\t\t\t\t\t\t\t<\/span>\n\t\t\t\t\t\t\t\t\t<span class=\"elementor-button-text\">Dance<\/span>\n\t\t\t\t\t<\/span>\n\t\t\t\t\t<\/a>\n\t\t\t\t<\/div>\n\t\t\t\t\t\t\t\t<\/div>\n\t\t\t\t<\/div>\n\t\t\t\t\t<\/div>\n\t\t<\/div>\n\t\t\t\t<div class=\"elementor-column elementor-col-50 elementor-top-column elementor-element elementor-element-651958d\" data-id=\"651958d\" data-element_type=\"column\" data-e-type=\"column\">\n\t\t\t<div class=\"elementor-widget-wrap elementor-element-populated\">\n\t\t\t\t\t\t<div class=\"elementor-element elementor-element-d4ff7ba elementor-position-top elementor-widget elementor-widget-image-box\" data-id=\"d4ff7ba\" data-element_type=\"widget\" data-e-type=\"widget\" data-widget_type=\"image-box.default\">\n\t\t\t\t<div class=\"elementor-widget-container\">\n\t\t\t\t\t<div class=\"elementor-image-box-wrapper\"><figure class=\"elementor-image-box-img\"><a href=\"https:\/\/www.veroniquewardega.fr\/en\/planetes\/\" tabindex=\"-1\"><img decoding=\"async\" src=\"https:\/\/www.veroniquewardega.fr\/wp-content\/uploads\/2019\/10\/LaineFeutreePlanetesOrigami-scaled.jpg\" title=\"LaineFeutreePlanetesOrigami\" alt=\"Plan\u00e8tes en laine feutr\u00e9e et origami\" loading=\"lazy\" \/><\/a><\/figure><div class=\"elementor-image-box-content\"><h3 class=\"elementor-image-box-title\"><a href=\"https:\/\/www.veroniquewardega.fr\/en\/planetes\/\">Planets<\/a><\/h3><p class=\"elementor-image-box-description\">Ces galaxies miniatures vous invitent au voyage, au r\u00eave, aux rencontres surprenantes.<\/p><\/div><\/div>\t\t\t\t<\/div>\n\t\t\t\t<\/div>\n\t\t\t\t<div class=\"elementor-element elementor-element-0a0fbc2 elementor-align-center elementor-widget elementor-widget-button\" data-id=\"0a0fbc2\" data-element_type=\"widget\" data-e-type=\"widget\" data-widget_type=\"button.default\">\n\t\t\t\t<div class=\"elementor-widget-container\">\n\t\t\t\t\t\t\t\t\t<div class=\"elementor-button-wrapper\">\n\t\t\t\t\t<a class=\"elementor-button elementor-button-link elementor-size-md\" href=\"https:\/\/www.veroniquewardega.fr\/en\/planetes\/\">\n\t\t\t\t\t\t<span class=\"elementor-button-content-wrapper\">\n\t\t\t\t\t\t<span class=\"elementor-button-icon\">\n\t\t\t\t\t\t\t\t\t<i class=\"\" aria-hidden=\"true\"><\/i>\n\t\t\t\t\t\t\t<\/span>\n\t\t\t\t\t\t\t\t\t<span class=\"elementor-button-text\">Planets<\/span>\n\t\t\t\t\t<\/span>\n\t\t\t\t\t<\/a>\n\t\t\t\t<\/div>\n\t\t\t\t\t\t\t\t<\/div>\n\t\t\t\t<\/div>\n\t\t\t\t\t<\/div>\n\t\t<\/div>\n\t\t\t\t\t<\/div>\n\t\t<\/section>\n\t\t\t\t<\/div>","protected":false},"excerpt":{"rendered":"<p>Installations Danse Ma pratique de la danse et du yoga m&rsquo;inspirent des pliages, odes \u00e0 la vie et au mouvement. Danse Plan\u00e8tes Ces galaxies miniatures vous invitent au voyage, au r\u00eave, aux rencontres surprenantes. Plan\u00e8tes<\/p>","protected":false},"author":1,"featured_media":0,"parent":0,"menu_order":0,"comment_status":"closed","ping_status":"closed","template":"","meta":{"_eb_attr":"","footnotes":""},"class_list":["post-391","page","type-page","status-publish","hentry"],"yoast_head":"<!-- This site is optimized with the Yoast SEO plugin v27.5 - https:\/\/yoast.com\/product\/yoast-seo-wordpress\/ -->\n<title>Installations - V\u00e9ronique WARDEGA<\/title>\n<meta name=\"robots\" content=\"index, follow, max-snippet:-1, max-image-preview:large, max-video-preview:-1\" \/>\n<link rel=\"canonical\" href=\"https:\/\/www.veroniquewardega.fr\/en\/installations\/\" \/>\n<meta property=\"og:locale\" content=\"en_GB\" \/>\n<meta property=\"og:type\" content=\"article\" \/>\n<meta property=\"og:title\" content=\"Installations - V\u00e9ronique WARDEGA\" \/>\n<meta property=\"og:description\" content=\"Installations Danse Ma pratique de la danse et du yoga m&rsquo;inspirent des pliages, odes \u00e0 la vie et au mouvement. Danse Plan\u00e8tes Ces galaxies miniatures vous invitent au voyage, au r\u00eave, aux rencontres surprenantes. Plan\u00e8tes\" \/>\n<meta property=\"og:url\" content=\"https:\/\/www.veroniquewardega.fr\/en\/installations\/\" \/>\n<meta property=\"og:site_name\" content=\"V\u00e9ronique WARDEGA\" \/>\n<meta property=\"article:modified_time\" content=\"2020-02-25T14:50:12+00:00\" \/>\n<meta property=\"og:image\" content=\"https:\/\/www.veroniquewardega.fr\/wp-content\/uploads\/elementor\/thumbs\/danseuseorigamiminiatureblanche-ol9befroat78cy17rs6xl7hn36gix1pojf7oo1n2rc.jpg\" \/>\n<meta name=\"twitter:card\" content=\"summary_large_image\" \/>\n<script type=\"application\/ld+json\" class=\"yoast-schema-graph\">{\"@context\":\"https:\\\/\\\/schema.org\",\"@graph\":[{\"@type\":\"WebPage\",\"@id\":\"https:\\\/\\\/www.veroniquewardega.fr\\\/en\\\/installations\\\/\",\"url\":\"https:\\\/\\\/www.veroniquewardega.fr\\\/en\\\/installations\\\/\",\"name\":\"Installations - V\u00e9ronique WARDEGA\",\"isPartOf\":{\"@id\":\"https:\\\/\\\/www.veroniquewardega.fr\\\/#website\"},\"primaryImageOfPage\":{\"@id\":\"https:\\\/\\\/www.veroniquewardega.fr\\\/en\\\/installations\\\/#primaryimage\"},\"image\":{\"@id\":\"https:\\\/\\\/www.veroniquewardega.fr\\\/en\\\/installations\\\/#primaryimage\"},\"thumbnailUrl\":\"https:\\\/\\\/www.veroniquewardega.fr\\\/wp-content\\\/uploads\\\/elementor\\\/thumbs\\\/danseuseorigamiminiatureblanche-ol9befroat78cy17rs6xl7hn36gix1pojf7oo1n2rc.jpg\",\"datePublished\":\"2019-10-20T19:43:36+00:00\",\"dateModified\":\"2020-02-25T14:50:12+00:00\",\"breadcrumb\":{\"@id\":\"https:\\\/\\\/www.veroniquewardega.fr\\\/en\\\/installations\\\/#breadcrumb\"},\"inLanguage\":\"en-GB\",\"potentialAction\":[{\"@type\":\"ReadAction\",\"target\":[\"https:\\\/\\\/www.veroniquewardega.fr\\\/en\\\/installations\\\/\"]}]},{\"@type\":\"ImageObject\",\"inLanguage\":\"en-GB\",\"@id\":\"https:\\\/\\\/www.veroniquewardega.fr\\\/en\\\/installations\\\/#primaryimage\",\"url\":\"https:\\\/\\\/www.veroniquewardega.fr\\\/wp-content\\\/uploads\\\/elementor\\\/thumbs\\\/danseuseorigamiminiatureblanche-ol9befroat78cy17rs6xl7hn36gix1pojf7oo1n2rc.jpg\",\"contentUrl\":\"https:\\\/\\\/www.veroniquewardega.fr\\\/wp-content\\\/uploads\\\/elementor\\\/thumbs\\\/danseuseorigamiminiatureblanche-ol9befroat78cy17rs6xl7hn36gix1pojf7oo1n2rc.jpg\"},{\"@type\":\"BreadcrumbList\",\"@id\":\"https:\\\/\\\/www.veroniquewardega.fr\\\/en\\\/installations\\\/#breadcrumb\",\"itemListElement\":[{\"@type\":\"ListItem\",\"position\":1,\"name\":\"Accueil\",\"item\":\"https:\\\/\\\/www.veroniquewardega.fr\\\/\"},{\"@type\":\"ListItem\",\"position\":2,\"name\":\"Installations\"}]},{\"@type\":\"WebSite\",\"@id\":\"https:\\\/\\\/www.veroniquewardega.fr\\\/#website\",\"url\":\"https:\\\/\\\/www.veroniquewardega.fr\\\/\",\"name\":\"V\u00e9ronique WARDEGA\",\"description\":\"Origami miniature\",\"potentialAction\":[{\"@type\":\"SearchAction\",\"target\":{\"@type\":\"EntryPoint\",\"urlTemplate\":\"https:\\\/\\\/www.veroniquewardega.fr\\\/?s={search_term_string}\"},\"query-input\":{\"@type\":\"PropertyValueSpecification\",\"valueRequired\":true,\"valueName\":\"search_term_string\"}}],\"inLanguage\":\"en-GB\"}]}<\/script>\n<!-- \/ Yoast SEO plugin. -->","yoast_head_json":{"title":"Installations - V\u00e9ronique WARDEGA","robots":{"index":"index","follow":"follow","max-snippet":"max-snippet:-1","max-image-preview":"max-image-preview:large","max-video-preview":"max-video-preview:-1"},"canonical":"https:\/\/www.veroniquewardega.fr\/en\/installations\/","og_locale":"en_GB","og_type":"article","og_title":"Installations - V\u00e9ronique WARDEGA","og_description":"Installations Danse Ma pratique de la danse et du yoga m&rsquo;inspirent des pliages, odes \u00e0 la vie et au mouvement. Danse Plan\u00e8tes Ces galaxies miniatures vous invitent au voyage, au r\u00eave, aux rencontres surprenantes. Plan\u00e8tes","og_url":"https:\/\/www.veroniquewardega.fr\/en\/installations\/","og_site_name":"V\u00e9ronique WARDEGA","article_modified_time":"2020-02-25T14:50:12+00:00","og_image":[{"url":"https:\/\/www.veroniquewardega.fr\/wp-content\/uploads\/elementor\/thumbs\/danseuseorigamiminiatureblanche-ol9befroat78cy17rs6xl7hn36gix1pojf7oo1n2rc.jpg","type":"","width":"","height":""}],"twitter_card":"summary_large_image","schema":{"@context":"https:\/\/schema.org","@graph":[{"@type":"WebPage","@id":"https:\/\/www.veroniquewardega.fr\/en\/installations\/","url":"https:\/\/www.veroniquewardega.fr\/en\/installations\/","name":"Installations - V\u00e9ronique WARDEGA","isPartOf":{"@id":"https:\/\/www.veroniquewardega.fr\/#website"},"primaryImageOfPage":{"@id":"https:\/\/www.veroniquewardega.fr\/en\/installations\/#primaryimage"},"image":{"@id":"https:\/\/www.veroniquewardega.fr\/en\/installations\/#primaryimage"},"thumbnailUrl":"https:\/\/www.veroniquewardega.fr\/wp-content\/uploads\/elementor\/thumbs\/danseuseorigamiminiatureblanche-ol9befroat78cy17rs6xl7hn36gix1pojf7oo1n2rc.jpg","datePublished":"2019-10-20T19:43:36+00:00","dateModified":"2020-02-25T14:50:12+00:00","breadcrumb":{"@id":"https:\/\/www.veroniquewardega.fr\/en\/installations\/#breadcrumb"},"inLanguage":"en-GB","potentialAction":[{"@type":"ReadAction","target":["https:\/\/www.veroniquewardega.fr\/en\/installations\/"]}]},{"@type":"ImageObject","inLanguage":"en-GB","@id":"https:\/\/www.veroniquewardega.fr\/en\/installations\/#primaryimage","url":"https:\/\/www.veroniquewardega.fr\/wp-content\/uploads\/elementor\/thumbs\/danseuseorigamiminiatureblanche-ol9befroat78cy17rs6xl7hn36gix1pojf7oo1n2rc.jpg","contentUrl":"https:\/\/www.veroniquewardega.fr\/wp-content\/uploads\/elementor\/thumbs\/danseuseorigamiminiatureblanche-ol9befroat78cy17rs6xl7hn36gix1pojf7oo1n2rc.jpg"},{"@type":"BreadcrumbList","@id":"https:\/\/www.veroniquewardega.fr\/en\/installations\/#breadcrumb","itemListElement":[{"@type":"ListItem","position":1,"name":"Accueil","item":"https:\/\/www.veroniquewardega.fr\/"},{"@type":"ListItem","position":2,"name":"Installations"}]},{"@type":"WebSite","@id":"https:\/\/www.veroniquewardega.fr\/#website","url":"https:\/\/www.veroniquewardega.fr\/","name":"V\u00e9ronique WARDEGA","description":"Miniature Origami","potentialAction":[{"@type":"SearchAction","target":{"@type":"EntryPoint","urlTemplate":"https:\/\/www.veroniquewardega.fr\/?s={search_term_string}"},"query-input":{"@type":"PropertyValueSpecification","valueRequired":true,"valueName":"search_term_string"}}],"inLanguage":"en-GB"}]}},"_links":{"self":[{"href":"https:\/\/www.veroniquewardega.fr\/en\/wp-json\/wp\/v2\/pages\/391","targetHints":{"allow":["GET"]}}],"collection":[{"href":"https:\/\/www.veroniquewardega.fr\/en\/wp-json\/wp\/v2\/pages"}],"about":[{"href":"https:\/\/www.veroniquewardega.fr\/en\/wp-json\/wp\/v2\/types\/page"}],"author":[{"embeddable":true,"href":"https:\/\/www.veroniquewardega.fr\/en\/wp-json\/wp\/v2\/users\/1"}],"replies":[{"embeddable":true,"href":"https:\/\/www.veroniquewardega.fr\/en\/wp-json\/wp\/v2\/comments?post=391"}],"version-history":[{"count":17,"href":"https:\/\/www.veroniquewardega.fr\/en\/wp-json\/wp\/v2\/pages\/391\/revisions"}],"predecessor-version":[{"id":754,"href":"https:\/\/www.veroniquewardega.fr\/en\/wp-json\/wp\/v2\/pages\/391\/revisions\/754"}],"wp:attachment":[{"href":"https:\/\/www.veroniquewardega.fr\/en\/wp-json\/wp\/v2\/media?parent=391"}],"curies":[{"name":"wp","href":"https:\/\/api.w.org\/{rel}","templated":true}]}}