{"id":86,"date":"2019-10-10T12:13:05","date_gmt":"2019-10-10T10:13:05","guid":{"rendered":"http:\/\/www.veroniquewardega.fr\/?page_id=86"},"modified":"2020-02-25T16:48:25","modified_gmt":"2020-02-25T15:48:25","slug":"univers","status":"publish","type":"page","link":"https:\/\/www.veroniquewardega.fr\/en\/univers\/","title":{"rendered":"A poetic universe"},"content":{"rendered":"<div data-elementor-type=\"wp-page\" data-elementor-id=\"86\" class=\"elementor elementor-86\">\n\t\t\t\t\t\t<section class=\"elementor-section elementor-top-section elementor-element elementor-element-5a7b3d3 elementor-section-boxed elementor-section-height-default elementor-section-height-default\" data-id=\"5a7b3d3\" data-element_type=\"section\" data-e-type=\"section\">\n\t\t\t\t\t\t<div class=\"elementor-container elementor-column-gap-default\">\n\t\t\t\t\t<div class=\"elementor-column elementor-col-100 elementor-top-column elementor-element elementor-element-8fec9cd\" data-id=\"8fec9cd\" data-element_type=\"column\" data-e-type=\"column\">\n\t\t\t<div class=\"elementor-widget-wrap elementor-element-populated\">\n\t\t\t\t\t\t<div class=\"elementor-element elementor-element-1681498 elementor-widget elementor-widget-heading\" data-id=\"1681498\" data-element_type=\"widget\" data-e-type=\"widget\" data-widget_type=\"heading.default\">\n\t\t\t\t<div class=\"elementor-widget-container\">\n\t\t\t\t\t<h2 class=\"elementor-heading-title elementor-size-default\">L'univers po\u00e9tique d'une artiste origami miniature<\/h2>\t\t\t\t<\/div>\n\t\t\t\t<\/div>\n\t\t\t\t\t<\/div>\n\t\t<\/div>\n\t\t\t\t\t<\/div>\n\t\t<\/section>\n\t\t\t\t<section class=\"elementor-section elementor-top-section elementor-element elementor-element-3721c12 elementor-section-content-middle elementor-section-boxed elementor-section-height-default elementor-section-height-default\" data-id=\"3721c12\" data-element_type=\"section\" data-e-type=\"section\">\n\t\t\t\t\t\t<div class=\"elementor-container elementor-column-gap-default\">\n\t\t\t\t\t<div class=\"elementor-column elementor-col-25 elementor-top-column elementor-element elementor-element-d166db9\" data-id=\"d166db9\" data-element_type=\"column\" data-e-type=\"column\">\n\t\t\t<div class=\"elementor-widget-wrap elementor-element-populated\">\n\t\t\t\t\t\t<div class=\"elementor-element elementor-element-a3c599d elementor-widget elementor-widget-image\" data-id=\"a3c599d\" data-element_type=\"widget\" data-e-type=\"widget\" data-widget_type=\"image.default\">\n\t\t\t\t<div class=\"elementor-widget-container\">\n\t\t\t\t\t\t\t\t\t\t\t\t\t\t\t<img decoding=\"async\" src=\"https:\/\/www.veroniquewardega.fr\/wp-content\/uploads\/2019\/10\/veroniquewardegafeutrageatelier-scaled.jpg\" title=\"veroniquewardegafeltingworkshop\" alt=\"veroniquewardegafeutrageatelier\" loading=\"lazy\" \/>\t\t\t\t\t\t\t\t\t\t\t\t\t\t\t<\/div>\n\t\t\t\t<\/div>\n\t\t\t\t\t<\/div>\n\t\t<\/div>\n\t\t\t\t<div class=\"elementor-column elementor-col-50 elementor-top-column elementor-element elementor-element-5abc508\" data-id=\"5abc508\" data-element_type=\"column\" data-e-type=\"column\">\n\t\t\t<div class=\"elementor-widget-wrap elementor-element-populated\">\n\t\t\t\t\t\t<div class=\"elementor-element elementor-element-7b70545 elementor-widget elementor-widget-text-editor\" data-id=\"7b70545\" data-element_type=\"widget\" data-e-type=\"widget\" data-widget_type=\"text-editor.default\">\n\t\t\t\t<div class=\"elementor-widget-container\">\n\t\t\t\t\t\t\t\t\t<p style=\"text-align: justify;\">I discovered origami when I was 9,  aldready with a special taste for miniature. Then it clicked for me in college, while following the course in philosophy.\u00a0<\/p><p style=\"text-align: justify;\">After studying musicology and communication, I have been involved in event planning and culture. Then origami appeared to be my preferred communication technique and my job in its own right in 2006.<\/p><p style=\"text-align: justify;\">Everyday (and sometimes during the night), flowers, dancers and animals are born from little paper squares.<\/p>\t\t\t\t\t\t\t\t<\/div>\n\t\t\t\t<\/div>\n\t\t\t\t\t<\/div>\n\t\t<\/div>\n\t\t\t\t<div class=\"elementor-column elementor-col-25 elementor-top-column elementor-element elementor-element-f9e2d8e\" data-id=\"f9e2d8e\" data-element_type=\"column\" data-e-type=\"column\">\n\t\t\t<div class=\"elementor-widget-wrap elementor-element-populated\">\n\t\t\t\t\t\t<div class=\"elementor-element elementor-element-2a5f6b4 elementor-widget elementor-widget-image\" data-id=\"2a5f6b4\" data-element_type=\"widget\" data-e-type=\"widget\" data-widget_type=\"image.default\">\n\t\t\t\t<div class=\"elementor-widget-container\">\n\t\t\t\t\t\t\t\t\t\t\t\t\t\t\t<img decoding=\"async\" src=\"https:\/\/www.veroniquewardega.fr\/wp-content\/uploads\/2019\/10\/AtelierPetitsPlis-scaled.jpg\" title=\"Veronique Wardega&#039;s workshop\" alt=\"V\u00e9ronique WARDEGA dans son atelier, sous un paravent japonais\" loading=\"lazy\" \/>\t\t\t\t\t\t\t\t\t\t\t\t\t\t\t<\/div>\n\t\t\t\t<\/div>\n\t\t\t\t\t<\/div>\n\t\t<\/div>\n\t\t\t\t\t<\/div>\n\t\t<\/section>\n\t\t\t\t<section class=\"elementor-section elementor-top-section elementor-element elementor-element-5be33cf elementor-section-boxed elementor-section-height-default elementor-section-height-default\" data-id=\"5be33cf\" data-element_type=\"section\" data-e-type=\"section\">\n\t\t\t\t\t\t<div class=\"elementor-container elementor-column-gap-default\">\n\t\t\t\t\t<div class=\"elementor-column elementor-col-33 elementor-top-column elementor-element elementor-element-b30f45c\" data-id=\"b30f45c\" data-element_type=\"column\" data-e-type=\"column\">\n\t\t\t<div class=\"elementor-widget-wrap elementor-element-populated\">\n\t\t\t\t\t\t<div class=\"elementor-element elementor-element-a74b425 elementor-position-top elementor-widget elementor-widget-image-box\" data-id=\"a74b425\" data-element_type=\"widget\" data-e-type=\"widget\" data-widget_type=\"image-box.default\">\n\t\t\t\t<div class=\"elementor-widget-container\">\n\t\t\t\t\t<div class=\"elementor-image-box-wrapper\"><figure class=\"elementor-image-box-img\"><a href=\"https:\/\/www.veroniquewardega.fr\/en\/inspiration-japon\/\" tabindex=\"-1\"><img fetchpriority=\"high\" decoding=\"async\" width=\"300\" height=\"300\" src=\"https:\/\/www.veroniquewardega.fr\/wp-content\/uploads\/2019\/10\/grueorigamiminiaturejaponaise-300x300.jpg\" class=\"elementor-animation-grow attachment-medium size-medium wp-image-241\" alt=\"\" srcset=\"https:\/\/www.veroniquewardega.fr\/wp-content\/uploads\/2019\/10\/grueorigamiminiaturejaponaise-300x300.jpg 300w, https:\/\/www.veroniquewardega.fr\/wp-content\/uploads\/2019\/10\/grueorigamiminiaturejaponaise-1024x1024.jpg 1024w, https:\/\/www.veroniquewardega.fr\/wp-content\/uploads\/2019\/10\/grueorigamiminiaturejaponaise-768x768.jpg 768w, https:\/\/www.veroniquewardega.fr\/wp-content\/uploads\/2019\/10\/grueorigamiminiaturejaponaise-1536x1536.jpg 1536w, https:\/\/www.veroniquewardega.fr\/wp-content\/uploads\/2019\/10\/grueorigamiminiaturejaponaise-2048x2048.jpg 2048w, https:\/\/www.veroniquewardega.fr\/wp-content\/uploads\/2019\/10\/grueorigamiminiaturejaponaise-600x600.jpg 600w, https:\/\/www.veroniquewardega.fr\/wp-content\/uploads\/2019\/10\/grueorigamiminiaturejaponaise-150x150.jpg 150w\" sizes=\"(max-width: 300px) 100vw, 300px\" \/><\/a><\/figure><div class=\"elementor-image-box-content\"><h3 class=\"elementor-image-box-title\"><a href=\"https:\/\/www.veroniquewardega.fr\/en\/inspiration-japon\/\">Inspiration <br>Japan<\/a><\/h3><p class=\"elementor-image-box-description\"><span style=\"text-align: justify;white-space: normal\">The symbolism of each paperfolding is always in my mind.&nbsp;<\/span><br><span style=\"text-align: justify;white-space: normal\">Origami comes from Shinto and this spiritual dimension nourishes me.&nbsp;<\/span><br><br><span style=\"text-align: justify;white-space: normal\">For example, an origami crane symbolises 1000 years of happiness and peace... this is my favorite, I folded thousands of them.<\/span><\/p><\/div><\/div>\t\t\t\t<\/div>\n\t\t\t\t<\/div>\n\t\t\t\t<div class=\"elementor-element elementor-element-9ae4105 elementor-align-center elementor-widget elementor-widget-button\" data-id=\"9ae4105\" data-element_type=\"widget\" data-e-type=\"widget\" data-widget_type=\"button.default\">\n\t\t\t\t<div class=\"elementor-widget-container\">\n\t\t\t\t\t\t\t\t\t<div class=\"elementor-button-wrapper\">\n\t\t\t\t\t<a class=\"elementor-button elementor-button-link elementor-size-md\" href=\"https:\/\/www.veroniquewardega.fr\/en\/inspiration-japon\/\">\n\t\t\t\t\t\t<span class=\"elementor-button-content-wrapper\">\n\t\t\t\t\t\t\t\t\t<span class=\"elementor-button-text\">Japanese symbolism<\/span>\n\t\t\t\t\t<\/span>\n\t\t\t\t\t<\/a>\n\t\t\t\t<\/div>\n\t\t\t\t\t\t\t\t<\/div>\n\t\t\t\t<\/div>\n\t\t\t\t\t<\/div>\n\t\t<\/div>\n\t\t\t\t<div class=\"elementor-column elementor-col-33 elementor-top-column elementor-element elementor-element-90eec77\" data-id=\"90eec77\" data-element_type=\"column\" data-e-type=\"column\">\n\t\t\t<div class=\"elementor-widget-wrap elementor-element-populated\">\n\t\t\t\t\t\t<div class=\"elementor-element elementor-element-7754373 elementor-position-top elementor-widget elementor-widget-image-box\" data-id=\"7754373\" data-element_type=\"widget\" data-e-type=\"widget\" data-widget_type=\"image-box.default\">\n\t\t\t\t<div class=\"elementor-widget-container\">\n\t\t\t\t\t<div class=\"elementor-image-box-wrapper\"><figure class=\"elementor-image-box-img\"><a href=\"https:\/\/www.veroniquewardega.fr\/en\/choix-des-papiers\/\" tabindex=\"-1\"><img decoding=\"async\" width=\"300\" height=\"300\" src=\"https:\/\/www.veroniquewardega.fr\/wp-content\/uploads\/2019\/10\/grueorigamiminiaturebleuerecyclage-300x300.jpg\" class=\"elementor-animation-grow attachment-medium size-medium wp-image-243\" alt=\"\" srcset=\"https:\/\/www.veroniquewardega.fr\/wp-content\/uploads\/2019\/10\/grueorigamiminiaturebleuerecyclage-300x300.jpg 300w, https:\/\/www.veroniquewardega.fr\/wp-content\/uploads\/2019\/10\/grueorigamiminiaturebleuerecyclage-1024x1024.jpg 1024w, https:\/\/www.veroniquewardega.fr\/wp-content\/uploads\/2019\/10\/grueorigamiminiaturebleuerecyclage-768x768.jpg 768w, https:\/\/www.veroniquewardega.fr\/wp-content\/uploads\/2019\/10\/grueorigamiminiaturebleuerecyclage-1536x1536.jpg 1536w, https:\/\/www.veroniquewardega.fr\/wp-content\/uploads\/2019\/10\/grueorigamiminiaturebleuerecyclage-2048x2048.jpg 2048w, https:\/\/www.veroniquewardega.fr\/wp-content\/uploads\/2019\/10\/grueorigamiminiaturebleuerecyclage-600x600.jpg 600w, https:\/\/www.veroniquewardega.fr\/wp-content\/uploads\/2019\/10\/grueorigamiminiaturebleuerecyclage-150x150.jpg 150w\" sizes=\"(max-width: 300px) 100vw, 300px\" \/><\/a><\/figure><div class=\"elementor-image-box-content\"><h3 class=\"elementor-image-box-title\"><a href=\"https:\/\/www.veroniquewardega.fr\/en\/choix-des-papiers\/\">Japanese papers <br>and recycling<\/a><\/h3><p class=\"elementor-image-box-description\"><span style=\"text-align: justify;white-space: normal\">Japanese papers give a matchless charm to origami.&nbsp;<\/span><span style=\"text-align: justify;white-space: normal\">But everyday life papers can provied good surprises too.&nbsp;<\/span><br><br><span style=\"text-align: justify;white-space: normal\">Yogurt lids, packaging paper and advertisement<\/span><\/p><\/div><\/div>\t\t\t\t<\/div>\n\t\t\t\t<\/div>\n\t\t\t\t<div class=\"elementor-element elementor-element-1d5a431 elementor-align-center elementor-widget elementor-widget-button\" data-id=\"1d5a431\" data-element_type=\"widget\" data-e-type=\"widget\" data-widget_type=\"button.default\">\n\t\t\t\t<div class=\"elementor-widget-container\">\n\t\t\t\t\t\t\t\t\t<div class=\"elementor-button-wrapper\">\n\t\t\t\t\t<a class=\"elementor-button elementor-button-link elementor-size-md\" href=\"https:\/\/www.veroniquewardega.fr\/en\/choix-des-papiers\/\">\n\t\t\t\t\t\t<span class=\"elementor-button-content-wrapper\">\n\t\t\t\t\t\t\t\t\t<span class=\"elementor-button-text\">Le choix des papiers<\/span>\n\t\t\t\t\t<\/span>\n\t\t\t\t\t<\/a>\n\t\t\t\t<\/div>\n\t\t\t\t\t\t\t\t<\/div>\n\t\t\t\t<\/div>\n\t\t\t\t\t<\/div>\n\t\t<\/div>\n\t\t\t\t<div class=\"elementor-column elementor-col-33 elementor-top-column elementor-element elementor-element-b10c0d2\" data-id=\"b10c0d2\" data-element_type=\"column\" data-e-type=\"column\">\n\t\t\t<div class=\"elementor-widget-wrap elementor-element-populated\">\n\t\t\t\t\t\t<div class=\"elementor-element elementor-element-e39ba0a elementor-position-top elementor-widget elementor-widget-image-box\" data-id=\"e39ba0a\" data-element_type=\"widget\" data-e-type=\"widget\" data-widget_type=\"image-box.default\">\n\t\t\t\t<div class=\"elementor-widget-container\">\n\t\t\t\t\t<div class=\"elementor-image-box-wrapper\"><figure class=\"elementor-image-box-img\"><a href=\"https:\/\/www.veroniquewardega.fr\/en\/matieres-et-couleurs\/\" tabindex=\"-1\"><img decoding=\"async\" width=\"300\" height=\"300\" src=\"https:\/\/www.veroniquewardega.fr\/wp-content\/uploads\/2019\/10\/papillonorigamilainefeutreeperles-300x300.jpg\" class=\"elementor-animation-grow attachment-medium size-medium wp-image-246\" alt=\"\" srcset=\"https:\/\/www.veroniquewardega.fr\/wp-content\/uploads\/2019\/10\/papillonorigamilainefeutreeperles-300x300.jpg 300w, https:\/\/www.veroniquewardega.fr\/wp-content\/uploads\/2019\/10\/papillonorigamilainefeutreeperles-1024x1024.jpg 1024w, https:\/\/www.veroniquewardega.fr\/wp-content\/uploads\/2019\/10\/papillonorigamilainefeutreeperles-768x768.jpg 768w, https:\/\/www.veroniquewardega.fr\/wp-content\/uploads\/2019\/10\/papillonorigamilainefeutreeperles-600x600.jpg 600w, https:\/\/www.veroniquewardega.fr\/wp-content\/uploads\/2019\/10\/papillonorigamilainefeutreeperles-150x150.jpg 150w, https:\/\/www.veroniquewardega.fr\/wp-content\/uploads\/2019\/10\/papillonorigamilainefeutreeperles.jpg 1080w\" sizes=\"(max-width: 300px) 100vw, 300px\" \/><\/a><\/figure><div class=\"elementor-image-box-content\"><h3 class=\"elementor-image-box-title\"><a href=\"https:\/\/www.veroniquewardega.fr\/en\/matieres-et-couleurs\/\">Mati\u00e8res <br>et couleurs<\/a><\/h3><p class=\"elementor-image-box-description\"><span style=\"text-align: justify;white-space: normal\">La rencontre avec des artistes feutri\u00e8res lors des Journ\u00e9es Europ\u00e9ennes de M\u00e9tiers d'Art en 2017 m'a permis d'associer l'origami \u00e0 une nouvelle technique : le feutrage \u00e0 l'eau.<\/span><br><br><span style=\"text-align: justify;white-space: normal\">Cette mati\u00e8re mall\u00e9able \u00e0 volont\u00e9 offre un support id\u00e9al aux pliages miniatures : des plan\u00e8tes feutr\u00e9es, douces et color\u00e9es, rehauss\u00e9es de broderies de perles.<\/span><\/p><\/div><\/div>\t\t\t\t<\/div>\n\t\t\t\t<\/div>\n\t\t\t\t<div class=\"elementor-element elementor-element-48bbbca elementor-align-center elementor-widget elementor-widget-button\" data-id=\"48bbbca\" data-element_type=\"widget\" data-e-type=\"widget\" data-widget_type=\"button.default\">\n\t\t\t\t<div class=\"elementor-widget-container\">\n\t\t\t\t\t\t\t\t\t<div class=\"elementor-button-wrapper\">\n\t\t\t\t\t<a class=\"elementor-button elementor-button-link elementor-size-md\" href=\"https:\/\/www.veroniquewardega.fr\/en\/matieres-et-couleurs\/\">\n\t\t\t\t\t\t<span class=\"elementor-button-content-wrapper\">\n\t\t\t\t\t\t\t\t\t<span class=\"elementor-button-text\">Laine feutr\u00e9e<\/span>\n\t\t\t\t\t<\/span>\n\t\t\t\t\t<\/a>\n\t\t\t\t<\/div>\n\t\t\t\t\t\t\t\t<\/div>\n\t\t\t\t<\/div>\n\t\t\t\t\t<\/div>\n\t\t<\/div>\n\t\t\t\t\t<\/div>\n\t\t<\/section>\n\t\t\t\t<\/div>","protected":false},"excerpt":{"rendered":"<p>L&rsquo;univers po\u00e9tique d&rsquo;une artiste origami miniature J&rsquo;explore l&rsquo;univers magique de l&rsquo;origami depuis l&rsquo;\u00e2ge de 9 ans, avec une pr\u00e9dilection pour la miniature. Puis c&rsquo;est en cours de philo, en Terminale, que le d\u00e9clic a eu lieu.\u00a0 Apr\u00e8s des \u00e9tudes de musicologie et de communication, puis plusieurs exp\u00e9riences professionnelles dans l&rsquo;\u00e9v\u00e9nementiel et la culture, l&rsquo;origami appara\u00eet [&hellip;]<\/p>\n","protected":false},"author":1,"featured_media":0,"parent":0,"menu_order":0,"comment_status":"closed","ping_status":"closed","template":"","meta":{"_eb_attr":"","footnotes":""},"class_list":["post-86","page","type-page","status-publish","hentry"],"yoast_head":"<!-- This site is optimized with the Yoast SEO plugin v27.5 - https:\/\/yoast.com\/product\/yoast-seo-wordpress\/ -->\n<title>L&#039;univers - V\u00e9ronique WARDEGA<\/title>\n<meta name=\"robots\" content=\"index, follow, max-snippet:-1, max-image-preview:large, max-video-preview:-1\" \/>\n<link rel=\"canonical\" href=\"https:\/\/www.veroniquewardega.fr\/en\/univers\/\" \/>\n<meta property=\"og:locale\" content=\"en_GB\" \/>\n<meta property=\"og:type\" content=\"article\" \/>\n<meta property=\"og:title\" content=\"L&#039;univers - V\u00e9ronique WARDEGA\" \/>\n<meta property=\"og:description\" content=\"L&rsquo;univers po\u00e9tique d&rsquo;une artiste origami miniature J&rsquo;explore l&rsquo;univers magique de l&rsquo;origami depuis l&rsquo;\u00e2ge de 9 ans, avec une pr\u00e9dilection pour la miniature. Puis c&rsquo;est en cours de philo, en Terminale, que le d\u00e9clic a eu lieu.\u00a0 Apr\u00e8s des \u00e9tudes de musicologie et de communication, puis plusieurs exp\u00e9riences professionnelles dans l&rsquo;\u00e9v\u00e9nementiel et la culture, l&rsquo;origami appara\u00eet [&hellip;]\" \/>\n<meta property=\"og:url\" content=\"https:\/\/www.veroniquewardega.fr\/en\/univers\/\" \/>\n<meta property=\"og:site_name\" content=\"V\u00e9ronique WARDEGA\" \/>\n<meta property=\"article:modified_time\" content=\"2020-02-25T15:48:25+00:00\" \/>\n<meta property=\"og:image\" content=\"https:\/\/www.veroniquewardega.fr\/wp-content\/uploads\/elementor\/thumbs\/veroniquewardegafeutrageatelier-scaled-ol9bg9kdl7pl5y1s9lz1paswv2obisyhf7ml9w706k.jpg\" \/>\n<meta name=\"twitter:card\" content=\"summary_large_image\" \/>\n<meta name=\"twitter:label1\" content=\"Estimated reading time\" \/>\n\t<meta name=\"twitter:data1\" content=\"1 minute\" \/>\n<script type=\"application\/ld+json\" class=\"yoast-schema-graph\">{\"@context\":\"https:\\\/\\\/schema.org\",\"@graph\":[{\"@type\":\"WebPage\",\"@id\":\"https:\\\/\\\/www.veroniquewardega.fr\\\/en\\\/univers\\\/\",\"url\":\"https:\\\/\\\/www.veroniquewardega.fr\\\/en\\\/univers\\\/\",\"name\":\"L'univers - V\u00e9ronique WARDEGA\",\"isPartOf\":{\"@id\":\"https:\\\/\\\/www.veroniquewardega.fr\\\/#website\"},\"primaryImageOfPage\":{\"@id\":\"https:\\\/\\\/www.veroniquewardega.fr\\\/en\\\/univers\\\/#primaryimage\"},\"image\":{\"@id\":\"https:\\\/\\\/www.veroniquewardega.fr\\\/en\\\/univers\\\/#primaryimage\"},\"thumbnailUrl\":\"https:\\\/\\\/www.veroniquewardega.fr\\\/wp-content\\\/uploads\\\/elementor\\\/thumbs\\\/veroniquewardegafeutrageatelier-scaled-ol9bg9kdl7pl5y1s9lz1paswv2obisyhf7ml9w706k.jpg\",\"datePublished\":\"2019-10-10T10:13:05+00:00\",\"dateModified\":\"2020-02-25T15:48:25+00:00\",\"breadcrumb\":{\"@id\":\"https:\\\/\\\/www.veroniquewardega.fr\\\/en\\\/univers\\\/#breadcrumb\"},\"inLanguage\":\"en-GB\",\"potentialAction\":[{\"@type\":\"ReadAction\",\"target\":[\"https:\\\/\\\/www.veroniquewardega.fr\\\/en\\\/univers\\\/\"]}]},{\"@type\":\"ImageObject\",\"inLanguage\":\"en-GB\",\"@id\":\"https:\\\/\\\/www.veroniquewardega.fr\\\/en\\\/univers\\\/#primaryimage\",\"url\":\"https:\\\/\\\/www.veroniquewardega.fr\\\/wp-content\\\/uploads\\\/elementor\\\/thumbs\\\/veroniquewardegafeutrageatelier-scaled-ol9bg9kdl7pl5y1s9lz1paswv2obisyhf7ml9w706k.jpg\",\"contentUrl\":\"https:\\\/\\\/www.veroniquewardega.fr\\\/wp-content\\\/uploads\\\/elementor\\\/thumbs\\\/veroniquewardegafeutrageatelier-scaled-ol9bg9kdl7pl5y1s9lz1paswv2obisyhf7ml9w706k.jpg\"},{\"@type\":\"BreadcrumbList\",\"@id\":\"https:\\\/\\\/www.veroniquewardega.fr\\\/en\\\/univers\\\/#breadcrumb\",\"itemListElement\":[{\"@type\":\"ListItem\",\"position\":1,\"name\":\"Accueil\",\"item\":\"https:\\\/\\\/www.veroniquewardega.fr\\\/\"},{\"@type\":\"ListItem\",\"position\":2,\"name\":\"L&rsquo;univers\"}]},{\"@type\":\"WebSite\",\"@id\":\"https:\\\/\\\/www.veroniquewardega.fr\\\/#website\",\"url\":\"https:\\\/\\\/www.veroniquewardega.fr\\\/\",\"name\":\"V\u00e9ronique WARDEGA\",\"description\":\"Origami miniature\",\"potentialAction\":[{\"@type\":\"SearchAction\",\"target\":{\"@type\":\"EntryPoint\",\"urlTemplate\":\"https:\\\/\\\/www.veroniquewardega.fr\\\/?s={search_term_string}\"},\"query-input\":{\"@type\":\"PropertyValueSpecification\",\"valueRequired\":true,\"valueName\":\"search_term_string\"}}],\"inLanguage\":\"en-GB\"}]}<\/script>\n<!-- \/ Yoast SEO plugin. -->","yoast_head_json":{"title":"L'univers - V\u00e9ronique WARDEGA","robots":{"index":"index","follow":"follow","max-snippet":"max-snippet:-1","max-image-preview":"max-image-preview:large","max-video-preview":"max-video-preview:-1"},"canonical":"https:\/\/www.veroniquewardega.fr\/en\/univers\/","og_locale":"en_GB","og_type":"article","og_title":"L'univers - V\u00e9ronique WARDEGA","og_description":"L&rsquo;univers po\u00e9tique d&rsquo;une artiste origami miniature J&rsquo;explore l&rsquo;univers magique de l&rsquo;origami depuis l&rsquo;\u00e2ge de 9 ans, avec une pr\u00e9dilection pour la miniature. Puis c&rsquo;est en cours de philo, en Terminale, que le d\u00e9clic a eu lieu.\u00a0 Apr\u00e8s des \u00e9tudes de musicologie et de communication, puis plusieurs exp\u00e9riences professionnelles dans l&rsquo;\u00e9v\u00e9nementiel et la culture, l&rsquo;origami appara\u00eet [&hellip;]","og_url":"https:\/\/www.veroniquewardega.fr\/en\/univers\/","og_site_name":"V\u00e9ronique WARDEGA","article_modified_time":"2020-02-25T15:48:25+00:00","og_image":[{"url":"https:\/\/www.veroniquewardega.fr\/wp-content\/uploads\/elementor\/thumbs\/veroniquewardegafeutrageatelier-scaled-ol9bg9kdl7pl5y1s9lz1paswv2obisyhf7ml9w706k.jpg","type":"","width":"","height":""}],"twitter_card":"summary_large_image","twitter_misc":{"Estimated reading time":"1 minute"},"schema":{"@context":"https:\/\/schema.org","@graph":[{"@type":"WebPage","@id":"https:\/\/www.veroniquewardega.fr\/en\/univers\/","url":"https:\/\/www.veroniquewardega.fr\/en\/univers\/","name":"L'univers - V\u00e9ronique WARDEGA","isPartOf":{"@id":"https:\/\/www.veroniquewardega.fr\/#website"},"primaryImageOfPage":{"@id":"https:\/\/www.veroniquewardega.fr\/en\/univers\/#primaryimage"},"image":{"@id":"https:\/\/www.veroniquewardega.fr\/en\/univers\/#primaryimage"},"thumbnailUrl":"https:\/\/www.veroniquewardega.fr\/wp-content\/uploads\/elementor\/thumbs\/veroniquewardegafeutrageatelier-scaled-ol9bg9kdl7pl5y1s9lz1paswv2obisyhf7ml9w706k.jpg","datePublished":"2019-10-10T10:13:05+00:00","dateModified":"2020-02-25T15:48:25+00:00","breadcrumb":{"@id":"https:\/\/www.veroniquewardega.fr\/en\/univers\/#breadcrumb"},"inLanguage":"en-GB","potentialAction":[{"@type":"ReadAction","target":["https:\/\/www.veroniquewardega.fr\/en\/univers\/"]}]},{"@type":"ImageObject","inLanguage":"en-GB","@id":"https:\/\/www.veroniquewardega.fr\/en\/univers\/#primaryimage","url":"https:\/\/www.veroniquewardega.fr\/wp-content\/uploads\/elementor\/thumbs\/veroniquewardegafeutrageatelier-scaled-ol9bg9kdl7pl5y1s9lz1paswv2obisyhf7ml9w706k.jpg","contentUrl":"https:\/\/www.veroniquewardega.fr\/wp-content\/uploads\/elementor\/thumbs\/veroniquewardegafeutrageatelier-scaled-ol9bg9kdl7pl5y1s9lz1paswv2obisyhf7ml9w706k.jpg"},{"@type":"BreadcrumbList","@id":"https:\/\/www.veroniquewardega.fr\/en\/univers\/#breadcrumb","itemListElement":[{"@type":"ListItem","position":1,"name":"Accueil","item":"https:\/\/www.veroniquewardega.fr\/"},{"@type":"ListItem","position":2,"name":"L&rsquo;univers"}]},{"@type":"WebSite","@id":"https:\/\/www.veroniquewardega.fr\/#website","url":"https:\/\/www.veroniquewardega.fr\/","name":"V\u00e9ronique WARDEGA","description":"Miniature Origami","potentialAction":[{"@type":"SearchAction","target":{"@type":"EntryPoint","urlTemplate":"https:\/\/www.veroniquewardega.fr\/?s={search_term_string}"},"query-input":{"@type":"PropertyValueSpecification","valueRequired":true,"valueName":"search_term_string"}}],"inLanguage":"en-GB"}]}},"_links":{"self":[{"href":"https:\/\/www.veroniquewardega.fr\/en\/wp-json\/wp\/v2\/pages\/86","targetHints":{"allow":["GET"]}}],"collection":[{"href":"https:\/\/www.veroniquewardega.fr\/en\/wp-json\/wp\/v2\/pages"}],"about":[{"href":"https:\/\/www.veroniquewardega.fr\/en\/wp-json\/wp\/v2\/types\/page"}],"author":[{"embeddable":true,"href":"https:\/\/www.veroniquewardega.fr\/en\/wp-json\/wp\/v2\/users\/1"}],"replies":[{"embeddable":true,"href":"https:\/\/www.veroniquewardega.fr\/en\/wp-json\/wp\/v2\/comments?post=86"}],"version-history":[{"count":59,"href":"https:\/\/www.veroniquewardega.fr\/en\/wp-json\/wp\/v2\/pages\/86\/revisions"}],"predecessor-version":[{"id":764,"href":"https:\/\/www.veroniquewardega.fr\/en\/wp-json\/wp\/v2\/pages\/86\/revisions\/764"}],"wp:attachment":[{"href":"https:\/\/www.veroniquewardega.fr\/en\/wp-json\/wp\/v2\/media?parent=86"}],"curies":[{"name":"wp","href":"https:\/\/api.w.org\/{rel}","templated":true}]}}